{"id":655,"date":"2013-10-22T16:59:04","date_gmt":"2013-10-22T16:59:04","guid":{"rendered":"https:\/\/tensilen.mk\/?page_id=655"},"modified":"2019-10-31T15:32:04","modified_gmt":"2019-10-31T15:32:04","slug":"contact","status":"publish","type":"page","link":"https:\/\/tensilen.mk\/en\/contact\/","title":{"rendered":"Contact"},"content":{"rendered":"<p>[vc_row][vc_column width=&#8221;1\/2&#8243;][ct_heading text=&#8221;Tensilen team is there for You!&#8221; text_below=&#8221;Contact&#8221; tag=&#8221;h2&#8243; font_size=&#8221;37&#8243; font_size_md=&#8221;32&#8243; font_weight=&#8221;&#8221; subtitle=&#8221;Contact Information&#8221;][vc_column_text]If you have a question, or need a help to resolve dilemma, feel free to contact Tensilen Team.<\/p>\n<p>A tenacious team of experts are available to provide the support.<\/p>\n<p>Feel free \u2013 Our team is ready to provide professional information you may need.<\/p>\n<p><strong>PHONE: <a href=\"tel:+381112070807\">+381 11 2070807<\/a><br \/>\nEMAIL: <a href=\"mailto: info@tensilen.mk\">info@tensilen.mk<\/a><\/strong>[\/vc_column_text][\/vc_column][vc_column width=&#8221;1\/2&#8243;][ct_contact_form id=&#8221;3498&#8243;][\/vc_column][\/vc_row]<\/p>\n","protected":false},"excerpt":{"rendered":"<p>[vc_row][vc_column width=&#8221;1\/2&#8243;][ct_heading text=&#8221;Tensilen team is there for You!&#8221; text_below=&#8221;Contact&#8221; tag=&#8221;h2&#8243; font_size=&#8221;37&#8243; font_size_md=&#8221;32&#8243; font_weight=&#8221;&#8221; subtitle=&#8221;Contact Information&#8221;][vc_column_text]If you have a question, or need a help to resolve dilemma, feel free to contact Tensilen Team. A tenacious team of experts are available to provide the support. Feel free \u2013 Our team is ready to provide professional information you [&hellip;]<\/p>\n","protected":false},"author":15,"featured_media":0,"parent":0,"menu_order":0,"comment_status":"closed","ping_status":"open","template":"","meta":{"footnotes":""},"yoast_head":"<!-- This site is optimized with the Yoast SEO plugin v22.4 - https:\/\/yoast.com\/wordpress\/plugins\/seo\/ -->\n<title>Depresija? Stres? Neraspolo\u017eenje? - Imate pitanje? Tu smo!<\/title>\n<meta name=\"description\" content=\"Slobodno nas pitajte ako imate nedoumicu. Tensilen tim je tu da re\u0161i va\u0161e dileme. Na\u0161i doktori i farmacetu \u0107e sa zadovoljstvom odgovoriti na va\u0161a pitanja.\" \/>\n<meta name=\"robots\" content=\"index, follow, max-snippet:-1, max-image-preview:large, max-video-preview:-1\" \/>\n<link rel=\"canonical\" href=\"https:\/\/tensilen.mk\/en\/contact\/\" \/>\n<meta property=\"og:locale\" content=\"en_US\" \/>\n<meta property=\"og:type\" content=\"article\" \/>\n<meta property=\"og:title\" content=\"Depresija? Stres? Neraspolo\u017eenje? - Imate pitanje? Tu smo!\" \/>\n<meta property=\"og:description\" content=\"Depresija, nezadovoljni ste, reraspolo\u017eeni, pod stresom i bez volje. Pogledajte prirodno re\u0161enje i postavite nam pitanja ako imate nedoumice.\" \/>\n<meta property=\"og:url\" content=\"https:\/\/tensilen.mk\/en\/contact\/\" \/>\n<meta property=\"og:site_name\" content=\"Tensilen\" \/>\n<meta property=\"article:modified_time\" content=\"2019-10-31T15:32:04+00:00\" \/>\n<meta property=\"og:image\" content=\"https:\/\/tensilen.mk\/wp-content\/uploads\/2013\/12\/Tensilen-resava-stres-napetost-neraspolozenje.jpg\" \/>\n\t<meta property=\"og:image:width\" content=\"1200\" \/>\n\t<meta property=\"og:image:height\" content=\"1200\" \/>\n\t<meta property=\"og:image:type\" content=\"image\/jpeg\" \/>\n<meta name=\"twitter:card\" content=\"summary_large_image\" \/>\n<meta name=\"twitter:title\" content=\"Depresija? Stres? Neraspolo\u017eenje? - Imate pitanje? Tu smo!\" \/>\n<meta name=\"twitter:description\" content=\"Depresija, nezadovoljni ste, reraspolo\u017eeni, pod stresom i bez volje. Pogledajte prirodno re\u0161enje i postavite nam pitanja ako imate nedoumice.\" \/>\n<meta name=\"twitter:image\" content=\"https:\/\/tensilen.mk\/wp-content\/uploads\/2013\/12\/Tensilen-resava-stres-napetost-neraspolozenje.jpg\" \/>\n<script type=\"application\/ld+json\" class=\"yoast-schema-graph\">{\"@context\":\"https:\/\/schema.org\",\"@graph\":[{\"@type\":\"WebPage\",\"@id\":\"https:\/\/tensilen.mk\/en\/contact\/\",\"url\":\"https:\/\/tensilen.mk\/en\/contact\/\",\"name\":\"Depresija? Stres? Neraspolo\u017eenje? - Imate pitanje? Tu smo!\",\"isPartOf\":{\"@id\":\"https:\/\/tensilen.mk\/ar\/#website\"},\"datePublished\":\"2013-10-22T16:59:04+00:00\",\"dateModified\":\"2019-10-31T15:32:04+00:00\",\"description\":\"Slobodno nas pitajte ako imate nedoumicu. Tensilen tim je tu da re\u0161i va\u0161e dileme. Na\u0161i doktori i farmacetu \u0107e sa zadovoljstvom odgovoriti na va\u0161a pitanja.\",\"breadcrumb\":{\"@id\":\"https:\/\/tensilen.mk\/en\/contact\/#breadcrumb\"},\"inLanguage\":\"en-US\",\"potentialAction\":[{\"@type\":\"ReadAction\",\"target\":[\"https:\/\/tensilen.mk\/en\/contact\/\"]}]},{\"@type\":\"BreadcrumbList\",\"@id\":\"https:\/\/tensilen.mk\/en\/contact\/#breadcrumb\",\"itemListElement\":[{\"@type\":\"ListItem\",\"position\":1,\"name\":\"\u041f\u043e\u0447\u0435\u0442\u043d\u0430\",\"item\":\"https:\/\/tensilen.mk\/en\/\"},{\"@type\":\"ListItem\",\"position\":2,\"name\":\"Contact\"}]},{\"@type\":\"WebSite\",\"@id\":\"https:\/\/tensilen.mk\/ar\/#website\",\"url\":\"https:\/\/tensilen.mk\/ar\/\",\"name\":\"Tensilen\",\"description\":\"\",\"potentialAction\":[{\"@type\":\"SearchAction\",\"target\":{\"@type\":\"EntryPoint\",\"urlTemplate\":\"https:\/\/tensilen.mk\/ar\/?s={search_term_string}\"},\"query-input\":\"required name=search_term_string\"}],\"inLanguage\":\"en-US\"}]}<\/script>\n<!-- \/ Yoast SEO plugin. -->","yoast_head_json":{"title":"Depresija? Stres? Neraspolo\u017eenje? - Imate pitanje? Tu smo!","description":"Slobodno nas pitajte ako imate nedoumicu. Tensilen tim je tu da re\u0161i va\u0161e dileme. Na\u0161i doktori i farmacetu \u0107e sa zadovoljstvom odgovoriti na va\u0161a pitanja.","robots":{"index":"index","follow":"follow","max-snippet":"max-snippet:-1","max-image-preview":"max-image-preview:large","max-video-preview":"max-video-preview:-1"},"canonical":"https:\/\/tensilen.mk\/en\/contact\/","og_locale":"en_US","og_type":"article","og_title":"Depresija? Stres? Neraspolo\u017eenje? - Imate pitanje? Tu smo!","og_description":"Depresija, nezadovoljni ste, reraspolo\u017eeni, pod stresom i bez volje. Pogledajte prirodno re\u0161enje i postavite nam pitanja ako imate nedoumice.","og_url":"https:\/\/tensilen.mk\/en\/contact\/","og_site_name":"Tensilen","article_modified_time":"2019-10-31T15:32:04+00:00","og_image":[{"width":1200,"height":1200,"url":"https:\/\/tensilen.mk\/wp-content\/uploads\/2013\/12\/Tensilen-resava-stres-napetost-neraspolozenje.jpg","type":"image\/jpeg"}],"twitter_card":"summary_large_image","twitter_title":"Depresija? Stres? Neraspolo\u017eenje? - Imate pitanje? Tu smo!","twitter_description":"Depresija, nezadovoljni ste, reraspolo\u017eeni, pod stresom i bez volje. Pogledajte prirodno re\u0161enje i postavite nam pitanja ako imate nedoumice.","twitter_image":"https:\/\/tensilen.mk\/wp-content\/uploads\/2013\/12\/Tensilen-resava-stres-napetost-neraspolozenje.jpg","schema":{"@context":"https:\/\/schema.org","@graph":[{"@type":"WebPage","@id":"https:\/\/tensilen.mk\/en\/contact\/","url":"https:\/\/tensilen.mk\/en\/contact\/","name":"Depresija? Stres? Neraspolo\u017eenje? - Imate pitanje? Tu smo!","isPartOf":{"@id":"https:\/\/tensilen.mk\/ar\/#website"},"datePublished":"2013-10-22T16:59:04+00:00","dateModified":"2019-10-31T15:32:04+00:00","description":"Slobodno nas pitajte ako imate nedoumicu. Tensilen tim je tu da re\u0161i va\u0161e dileme. Na\u0161i doktori i farmacetu \u0107e sa zadovoljstvom odgovoriti na va\u0161a pitanja.","breadcrumb":{"@id":"https:\/\/tensilen.mk\/en\/contact\/#breadcrumb"},"inLanguage":"en-US","potentialAction":[{"@type":"ReadAction","target":["https:\/\/tensilen.mk\/en\/contact\/"]}]},{"@type":"BreadcrumbList","@id":"https:\/\/tensilen.mk\/en\/contact\/#breadcrumb","itemListElement":[{"@type":"ListItem","position":1,"name":"\u041f\u043e\u0447\u0435\u0442\u043d\u0430","item":"https:\/\/tensilen.mk\/en\/"},{"@type":"ListItem","position":2,"name":"Contact"}]},{"@type":"WebSite","@id":"https:\/\/tensilen.mk\/ar\/#website","url":"https:\/\/tensilen.mk\/ar\/","name":"Tensilen","description":"","potentialAction":[{"@type":"SearchAction","target":{"@type":"EntryPoint","urlTemplate":"https:\/\/tensilen.mk\/ar\/?s={search_term_string}"},"query-input":"required name=search_term_string"}],"inLanguage":"en-US"}]}},"_links":{"self":[{"href":"https:\/\/tensilen.mk\/en\/wp-json\/wp\/v2\/pages\/655"}],"collection":[{"href":"https:\/\/tensilen.mk\/en\/wp-json\/wp\/v2\/pages"}],"about":[{"href":"https:\/\/tensilen.mk\/en\/wp-json\/wp\/v2\/types\/page"}],"author":[{"embeddable":true,"href":"https:\/\/tensilen.mk\/en\/wp-json\/wp\/v2\/users\/15"}],"replies":[{"embeddable":true,"href":"https:\/\/tensilen.mk\/en\/wp-json\/wp\/v2\/comments?post=655"}],"version-history":[{"count":4,"href":"https:\/\/tensilen.mk\/en\/wp-json\/wp\/v2\/pages\/655\/revisions"}],"predecessor-version":[{"id":3648,"href":"https:\/\/tensilen.mk\/en\/wp-json\/wp\/v2\/pages\/655\/revisions\/3648"}],"wp:attachment":[{"href":"https:\/\/tensilen.mk\/en\/wp-json\/wp\/v2\/media?parent=655"}],"curies":[{"name":"wp","href":"https:\/\/api.w.org\/{rel}","templated":true}]}}