{"id":757,"date":"2015-01-19T15:11:18","date_gmt":"2015-01-19T14:11:18","guid":{"rendered":"https:\/\/tensilen.mk\/?page_id=757"},"modified":"2019-10-23T12:21:58","modified_gmt":"2019-10-23T12:21:58","slug":"que-es-tensilen","status":"publish","type":"page","link":"https:\/\/tensilen.mk\/es\/que-es-tensilen\/","title":{"rendered":"\u00bfQu\u00e9 es Tensilen?"},"content":{"rendered":"<p>[vc_row full_width=&#8221;stretch_row&#8221; css=&#8221;.vc_custom_1571390170049{margin-top: 0px !important;padding-top: 0px !important;padding-bottom: 30px !important;background-color: #f2f2f2 !important;}&#8221;][vc_column css=&#8221;.vc_custom_1571055567881{margin-top: 0px !important;margin-bottom: 0px !important;}&#8221;][vc_row_inner css=&#8221;.vc_custom_1570541392176{padding-top: 60px !important;padding-bottom: 40px !important;}&#8221; el_class=&#8221;naslov-naslov&#8221;][vc_column_inner width=&#8221;1\/2&#8243; animation_column=&#8221;fadeInLeft&#8221; offset=&#8221;vc_hidden-sm vc_hidden-xs&#8221;][ct_banner banner=&#8221;3376&#8243; animation=&#8221;fadeInLeft&#8221; el_class=&#8221;slika-banner&#8221;][\/vc_column_inner][vc_column_inner width=&#8221;1\/2&#8243;][vc_column_text css=&#8221;.vc_custom_1571833218945{margin-top: 30px !important;}&#8221;]<strong>Tensilen<sup>\u00ae<\/sup><\/strong>\u00a0contiene amino\u00e1cidos \u201cSAMe\u201d presentes de forma natural en cada c\u00e9lula en el cuerpo humano.<\/p>\n<p>En resumen, el amino\u00e1cido \u201cSAMe\u201d es una sustancia presente en el organismo humano que sirve como combustible para muchas funciones importantes \u2013 aumenta la energ\u00eda, mejora la confianza, renueva el estado de \u00e1nimo, etc.<\/p>\n<p>El nombre completo de este amino\u00e1cido es S-adenosil L-metionina. Fue descubierto en Italia en 1952, as\u00ed que no nos sorprende el hecho de que la mayor\u00eda de las investigaciones relacionadas con este amino\u00e1cido se llevan a cabo en el pa\u00eds de su descubrimiento.<\/p>\n<p>Por m\u00e1s de 30 a\u00f1os, los m\u00e9dicos europeos han estado recetando el \u201cSAMe\u201d para levantar el estado de \u00e1nimo. Debido a los numerosos estudios y experiencias de los consumidores, es considerado uno de los antidepresivos naturales m\u00e1s seguros y m\u00e1s eficaces.[\/vc_column_text][\/vc_column_inner][\/vc_row_inner][vc_row_inner el_class=&#8221;naslov-naslov&#8221;][vc_column_inner][vc_column_text css=&#8221;.vc_custom_1571833237923{margin-top: 30px !important;}&#8221;]A pesar de que cierta cantidad de esta sustancia est\u00e1 presente en nuestro organismo, los h\u00e1bitos alimenticios, el estr\u00e9s, el envejecimiento, ciertas enfermedades, deficiencias de vitaminas y otros factores pueden tener impacto en la cantidad producida por nuestro cuerpo.<\/p>\n<p>Las investigaciones muestran que cuando nos sentimos mal, el nivel de este amino\u00e1cido es menor al requerido.<\/p>\n<p>Los estudios han demostrado que el consumo adicional reduce el estr\u00e9s, restaura la confianza y la energ\u00eda, promueve el equilibrio de los neurotransmisores que son responsables para el buen funcionamiento de las c\u00e9lulas del sistema nervioso..<\/p>\n<p>Se recomienda la ingesta adicional, ya que impulsa la producci\u00f3n de serotonina y otras sustancias responsables de levantar el estado de \u00e1nimo.[\/vc_column_text][\/vc_column_inner][\/vc_row_inner][vc_row_inner][vc_column_inner offset=&#8221;vc_hidden-lg vc_hidden-md&#8221;][ct_banner banner=&#8221;3373&#8243; animation=&#8221;fadeInLeft&#8221; el_class=&#8221;slika-banner&#8221;][\/vc_column_inner][\/vc_row_inner][vc_row_inner css=&#8221;.vc_custom_1570541403272{padding-top: 40px !important;padding-bottom: 40px !important;}&#8221;][vc_column_inner width=&#8221;1\/2&#8243;][vc_column_text css=&#8221;.vc_custom_1571833250510{margin-top: 30px !important;}&#8221;]El impacto de Tensilen\u00ae en el estado de \u00e1nimo se ha demostrado de varias maneras:<\/p>\n<ul class=\"styled-list style-4\">\n<li>Se ha observado baja concentraci\u00f3n de \u201cSAMe\u201d en el fluido cerebroespinal (fluido presente en el cerebro y la m\u00e9dula espinal) en individuos que sufren de depresi\u00f3n. Estos hallazgos apoyan las afirmaciones de que Tensilen\u00ae puede ayudar en el levantamiento del estado de \u00e1nimo<\/li>\n<li>El impacto del amino\u00e1cido \u201cSAMe\u201d en la depresi\u00f3n se ha estudiado en numerosos ensayos cl\u00ednicos, y los estudios publicados han indicado que es extremadamente eficiente en comparaci\u00f3n con el placebo, y en dosis m\u00e1s altas es igualmente eficaz como los antidepresivos tric\u00edclicos, con mucho menos efectos secundarios.<\/li>\n<li>Los resultados de las investigaciones demuestran que el aumento de los niveles de \u201cSAMe\u201d, incluyendo la administraci\u00f3n de suplementos como Tensilen\u00ae, tiene un impacto positivo en el alivio de los s\u00edntomas de la depresi\u00f3n.<\/li>\n<li>Los estudios tambi\u00e9n han demostrado que el complejo de la vitamina B reduce la tensi\u00f3n, el abatimiento y estado de \u00e1nimo depresivo. El complejo de la vitamina B junto con el \u201cSAMe\u201d contenido en Tensilen\u00ae, ayuda adicionalmente a elevar el estado de \u00e1nimo y aumentando la energ\u00eda.<\/li>\n<\/ul>\n<p>[\/vc_column_text][\/vc_column_inner][vc_column_inner width=&#8221;1\/2&#8243; animation_column=&#8221;fadeInRight&#8221;][ct_banner banner=&#8221;3373&#8243; animation=&#8221;fadeInRight&#8221; el_class=&#8221;slika-banner&#8221;][\/vc_column_inner][\/vc_row_inner][vc_row_inner][vc_column_inner offset=&#8221;vc_hidden-lg vc_hidden-md&#8221;][ct_banner banner=&#8221;3370&#8243; animation=&#8221;fadeInLeft&#8221; el_class=&#8221;slika-banner&#8221;][\/vc_column_inner][\/vc_row_inner][\/vc_column][\/vc_row]<\/p>\n","protected":false},"excerpt":{"rendered":"<p>[vc_row full_width=&#8221;stretch_row&#8221; css=&#8221;.vc_custom_1571390170049{margin-top: 0px !important;padding-top: 0px !important;padding-bottom: 30px !important;background-color: #f2f2f2 !important;}&#8221;][vc_column css=&#8221;.vc_custom_1571055567881{margin-top: 0px !important;margin-bottom: 0px !important;}&#8221;][vc_row_inner css=&#8221;.vc_custom_1570541392176{padding-top: 60px !important;padding-bottom: 40px !important;}&#8221; el_class=&#8221;naslov-naslov&#8221;][vc_column_inner width=&#8221;1\/2&#8243; animation_column=&#8221;fadeInLeft&#8221; offset=&#8221;vc_hidden-sm vc_hidden-xs&#8221;][ct_banner banner=&#8221;3376&#8243; animation=&#8221;fadeInLeft&#8221; el_class=&#8221;slika-banner&#8221;][\/vc_column_inner][vc_column_inner width=&#8221;1\/2&#8243;][vc_column_text css=&#8221;.vc_custom_1571833218945{margin-top: 30px !important;}&#8221;]Tensilen\u00ae\u00a0contiene amino\u00e1cidos \u201cSAMe\u201d presentes de forma natural en cada c\u00e9lula en el cuerpo humano. En resumen, el amino\u00e1cido \u201cSAMe\u201d es una sustancia presente [&hellip;]<\/p>\n","protected":false},"author":15,"featured_media":0,"parent":0,"menu_order":0,"comment_status":"closed","ping_status":"closed","template":"","meta":{"footnotes":""},"yoast_head":"<!-- This site is optimized with the Yoast SEO plugin v22.4 - https:\/\/yoast.com\/wordpress\/plugins\/seo\/ -->\n<title>\u00bfQu\u00e9 es Tensilen? - Tensilen<\/title>\n<meta name=\"robots\" content=\"index, follow, max-snippet:-1, max-image-preview:large, max-video-preview:-1\" \/>\n<link rel=\"canonical\" href=\"https:\/\/tensilen.mk\/es\/que-es-tensilen\/\" \/>\n<meta property=\"og:locale\" content=\"es_ES\" \/>\n<meta property=\"og:type\" content=\"article\" \/>\n<meta property=\"og:title\" content=\"\u00bfQu\u00e9 es Tensilen? - Tensilen\" \/>\n<meta property=\"og:description\" content=\"[vc_row full_width=&#8221;stretch_row&#8221; css=&#8221;.vc_custom_1571390170049{margin-top: 0px !important;padding-top: 0px !important;padding-bottom: 30px !important;background-color: #f2f2f2 !important;}&#8221;][vc_column css=&#8221;.vc_custom_1571055567881{margin-top: 0px !important;margin-bottom: 0px !important;}&#8221;][vc_row_inner css=&#8221;.vc_custom_1570541392176{padding-top: 60px !important;padding-bottom: 40px !important;}&#8221; el_class=&#8221;naslov-naslov&#8221;][vc_column_inner width=&#8221;1\/2&#8243; animation_column=&#8221;fadeInLeft&#8221; offset=&#8221;vc_hidden-sm vc_hidden-xs&#8221;][ct_banner banner=&#8221;3376&#8243; animation=&#8221;fadeInLeft&#8221; el_class=&#8221;slika-banner&#8221;][\/vc_column_inner][vc_column_inner width=&#8221;1\/2&#8243;][vc_column_text css=&#8221;.vc_custom_1571833218945{margin-top: 30px !important;}&#8221;]Tensilen\u00ae\u00a0contiene amino\u00e1cidos \u201cSAMe\u201d presentes de forma natural en cada c\u00e9lula en el cuerpo humano. En resumen, el amino\u00e1cido \u201cSAMe\u201d es una sustancia presente [&hellip;]\" \/>\n<meta property=\"og:url\" content=\"https:\/\/tensilen.mk\/es\/que-es-tensilen\/\" \/>\n<meta property=\"og:site_name\" content=\"Tensilen\" \/>\n<meta property=\"article:modified_time\" content=\"2019-10-23T12:21:58+00:00\" \/>\n<meta name=\"twitter:card\" content=\"summary_large_image\" \/>\n<meta name=\"twitter:label1\" content=\"Tiempo de lectura\" \/>\n\t<meta name=\"twitter:data1\" content=\"3 minutos\" \/>\n<script type=\"application\/ld+json\" class=\"yoast-schema-graph\">{\"@context\":\"https:\/\/schema.org\",\"@graph\":[{\"@type\":\"WebPage\",\"@id\":\"https:\/\/tensilen.mk\/es\/que-es-tensilen\/\",\"url\":\"https:\/\/tensilen.mk\/es\/que-es-tensilen\/\",\"name\":\"\u00bfQu\u00e9 es Tensilen? - Tensilen\",\"isPartOf\":{\"@id\":\"https:\/\/tensilen.mk\/ar\/#website\"},\"datePublished\":\"2015-01-19T14:11:18+00:00\",\"dateModified\":\"2019-10-23T12:21:58+00:00\",\"breadcrumb\":{\"@id\":\"https:\/\/tensilen.mk\/es\/que-es-tensilen\/#breadcrumb\"},\"inLanguage\":\"es\",\"potentialAction\":[{\"@type\":\"ReadAction\",\"target\":[\"https:\/\/tensilen.mk\/es\/que-es-tensilen\/\"]}]},{\"@type\":\"BreadcrumbList\",\"@id\":\"https:\/\/tensilen.mk\/es\/que-es-tensilen\/#breadcrumb\",\"itemListElement\":[{\"@type\":\"ListItem\",\"position\":1,\"name\":\"\u041f\u043e\u0447\u0435\u0442\u043d\u0430\",\"item\":\"https:\/\/tensilen.mk\/es\/\"},{\"@type\":\"ListItem\",\"position\":2,\"name\":\"\u00bfQu\u00e9 es Tensilen?\"}]},{\"@type\":\"WebSite\",\"@id\":\"https:\/\/tensilen.mk\/ar\/#website\",\"url\":\"https:\/\/tensilen.mk\/ar\/\",\"name\":\"Tensilen\",\"description\":\"\",\"potentialAction\":[{\"@type\":\"SearchAction\",\"target\":{\"@type\":\"EntryPoint\",\"urlTemplate\":\"https:\/\/tensilen.mk\/ar\/?s={search_term_string}\"},\"query-input\":\"required name=search_term_string\"}],\"inLanguage\":\"es\"}]}<\/script>\n<!-- \/ Yoast SEO plugin. -->","yoast_head_json":{"title":"\u00bfQu\u00e9 es Tensilen? - Tensilen","robots":{"index":"index","follow":"follow","max-snippet":"max-snippet:-1","max-image-preview":"max-image-preview:large","max-video-preview":"max-video-preview:-1"},"canonical":"https:\/\/tensilen.mk\/es\/que-es-tensilen\/","og_locale":"es_ES","og_type":"article","og_title":"\u00bfQu\u00e9 es Tensilen? - Tensilen","og_description":"[vc_row full_width=&#8221;stretch_row&#8221; css=&#8221;.vc_custom_1571390170049{margin-top: 0px !important;padding-top: 0px !important;padding-bottom: 30px !important;background-color: #f2f2f2 !important;}&#8221;][vc_column css=&#8221;.vc_custom_1571055567881{margin-top: 0px !important;margin-bottom: 0px !important;}&#8221;][vc_row_inner css=&#8221;.vc_custom_1570541392176{padding-top: 60px !important;padding-bottom: 40px !important;}&#8221; el_class=&#8221;naslov-naslov&#8221;][vc_column_inner width=&#8221;1\/2&#8243; animation_column=&#8221;fadeInLeft&#8221; offset=&#8221;vc_hidden-sm vc_hidden-xs&#8221;][ct_banner banner=&#8221;3376&#8243; animation=&#8221;fadeInLeft&#8221; el_class=&#8221;slika-banner&#8221;][\/vc_column_inner][vc_column_inner width=&#8221;1\/2&#8243;][vc_column_text css=&#8221;.vc_custom_1571833218945{margin-top: 30px !important;}&#8221;]Tensilen\u00ae\u00a0contiene amino\u00e1cidos \u201cSAMe\u201d presentes de forma natural en cada c\u00e9lula en el cuerpo humano. En resumen, el amino\u00e1cido \u201cSAMe\u201d es una sustancia presente [&hellip;]","og_url":"https:\/\/tensilen.mk\/es\/que-es-tensilen\/","og_site_name":"Tensilen","article_modified_time":"2019-10-23T12:21:58+00:00","twitter_card":"summary_large_image","twitter_misc":{"Tiempo de lectura":"3 minutos"},"schema":{"@context":"https:\/\/schema.org","@graph":[{"@type":"WebPage","@id":"https:\/\/tensilen.mk\/es\/que-es-tensilen\/","url":"https:\/\/tensilen.mk\/es\/que-es-tensilen\/","name":"\u00bfQu\u00e9 es Tensilen? - Tensilen","isPartOf":{"@id":"https:\/\/tensilen.mk\/ar\/#website"},"datePublished":"2015-01-19T14:11:18+00:00","dateModified":"2019-10-23T12:21:58+00:00","breadcrumb":{"@id":"https:\/\/tensilen.mk\/es\/que-es-tensilen\/#breadcrumb"},"inLanguage":"es","potentialAction":[{"@type":"ReadAction","target":["https:\/\/tensilen.mk\/es\/que-es-tensilen\/"]}]},{"@type":"BreadcrumbList","@id":"https:\/\/tensilen.mk\/es\/que-es-tensilen\/#breadcrumb","itemListElement":[{"@type":"ListItem","position":1,"name":"\u041f\u043e\u0447\u0435\u0442\u043d\u0430","item":"https:\/\/tensilen.mk\/es\/"},{"@type":"ListItem","position":2,"name":"\u00bfQu\u00e9 es Tensilen?"}]},{"@type":"WebSite","@id":"https:\/\/tensilen.mk\/ar\/#website","url":"https:\/\/tensilen.mk\/ar\/","name":"Tensilen","description":"","potentialAction":[{"@type":"SearchAction","target":{"@type":"EntryPoint","urlTemplate":"https:\/\/tensilen.mk\/ar\/?s={search_term_string}"},"query-input":"required name=search_term_string"}],"inLanguage":"es"}]}},"_links":{"self":[{"href":"https:\/\/tensilen.mk\/es\/wp-json\/wp\/v2\/pages\/757"}],"collection":[{"href":"https:\/\/tensilen.mk\/es\/wp-json\/wp\/v2\/pages"}],"about":[{"href":"https:\/\/tensilen.mk\/es\/wp-json\/wp\/v2\/types\/page"}],"author":[{"embeddable":true,"href":"https:\/\/tensilen.mk\/es\/wp-json\/wp\/v2\/users\/15"}],"replies":[{"embeddable":true,"href":"https:\/\/tensilen.mk\/es\/wp-json\/wp\/v2\/comments?post=757"}],"version-history":[{"count":2,"href":"https:\/\/tensilen.mk\/es\/wp-json\/wp\/v2\/pages\/757\/revisions"}],"predecessor-version":[{"id":3506,"href":"https:\/\/tensilen.mk\/es\/wp-json\/wp\/v2\/pages\/757\/revisions\/3506"}],"wp:attachment":[{"href":"https:\/\/tensilen.mk\/es\/wp-json\/wp\/v2\/media?parent=757"}],"curies":[{"name":"wp","href":"https:\/\/api.w.org\/{rel}","templated":true}]}}