{"id":763,"date":"2015-01-19T15:18:03","date_gmt":"2015-01-19T14:18:03","guid":{"rendered":"https:\/\/tensilen.mk\/?page_id=763"},"modified":"2019-10-28T14:43:35","modified_gmt":"2019-10-28T14:43:35","slug":"contacto","status":"publish","type":"page","link":"https:\/\/tensilen.mk\/es\/contacto\/","title":{"rendered":"Contacto"},"content":{"rendered":"<p>[vc_row][vc_column width=&#8221;1\/2&#8243;][ct_heading text=&#8221;\u00a1El equipo Tensilen est\u00e1 siempre con usted!&#8221; text_below=&#8221;Contacto&#8221; tag=&#8221;h2&#8243; font_size=&#8221;37&#8243; font_size_md=&#8221;32&#8243; font_weight=&#8221;&#8221; subtitle=&#8221;INFORMACI\u00d3N DE CONTACTO&#8221;][vc_column_text]Cuando necesite una respuesta para solucionar alg\u00fan problema, si\u00e9ntase libre de contactarnos.<\/p>\n<p>Los profesionales del equipo Tensilen est\u00e1n siempre dispuestos a otorgarle el apoyo que usted merece y a responderle todas sus preguntas.<\/p>\n<p>Si\u00e9ntase libre \u2013 nuestro equipo est\u00e1 listo para proporcionarle la informaci\u00f3n profesional que usted necesita.<\/p>\n<p><strong>TEL\u00c9FONO: <a href=\"tel:+381112070807\">011\/2070807<\/a><br \/>\nCORREO: <a href=\"mailto: info@tensilen.mk\">info@tensilen.mk<\/a><\/strong>[\/vc_column_text][\/vc_column][vc_column width=&#8221;1\/2&#8243;][ct_contact_form id=&#8221;3537&#8243;][\/vc_column][\/vc_row]<\/p>\n","protected":false},"excerpt":{"rendered":"<p>[vc_row][vc_column width=&#8221;1\/2&#8243;][ct_heading text=&#8221;\u00a1El equipo Tensilen est\u00e1 siempre con usted!&#8221; text_below=&#8221;Contacto&#8221; tag=&#8221;h2&#8243; font_size=&#8221;37&#8243; font_size_md=&#8221;32&#8243; font_weight=&#8221;&#8221; subtitle=&#8221;INFORMACI\u00d3N DE CONTACTO&#8221;][vc_column_text]Cuando necesite una respuesta para solucionar alg\u00fan problema, si\u00e9ntase libre de contactarnos. Los profesionales del equipo Tensilen est\u00e1n siempre dispuestos a otorgarle el apoyo que usted merece y a responderle todas sus preguntas. Si\u00e9ntase libre \u2013 nuestro equipo est\u00e1 [&hellip;]<\/p>\n","protected":false},"author":15,"featured_media":0,"parent":0,"menu_order":0,"comment_status":"closed","ping_status":"open","template":"","meta":{"footnotes":""},"yoast_head":"<!-- This site is optimized with the Yoast SEO plugin v22.4 - https:\/\/yoast.com\/wordpress\/plugins\/seo\/ -->\n<title>Contacto - Tensilen<\/title>\n<meta name=\"robots\" content=\"index, follow, max-snippet:-1, max-image-preview:large, max-video-preview:-1\" \/>\n<link rel=\"canonical\" href=\"https:\/\/tensilen.mk\/es\/contacto\/\" \/>\n<meta property=\"og:locale\" content=\"es_ES\" \/>\n<meta property=\"og:type\" content=\"article\" \/>\n<meta property=\"og:title\" content=\"Contacto - Tensilen\" \/>\n<meta property=\"og:description\" content=\"[vc_row][vc_column width=&#8221;1\/2&#8243;][ct_heading text=&#8221;\u00a1El equipo Tensilen est\u00e1 siempre con usted!&#8221; text_below=&#8221;Contacto&#8221; tag=&#8221;h2&#8243; font_size=&#8221;37&#8243; font_size_md=&#8221;32&#8243; font_weight=&#8221;&#8221; subtitle=&#8221;INFORMACI\u00d3N DE CONTACTO&#8221;][vc_column_text]Cuando necesite una respuesta para solucionar alg\u00fan problema, si\u00e9ntase libre de contactarnos. Los profesionales del equipo Tensilen est\u00e1n siempre dispuestos a otorgarle el apoyo que usted merece y a responderle todas sus preguntas. Si\u00e9ntase libre \u2013 nuestro equipo est\u00e1 [&hellip;]\" \/>\n<meta property=\"og:url\" content=\"https:\/\/tensilen.mk\/es\/contacto\/\" \/>\n<meta property=\"og:site_name\" content=\"Tensilen\" \/>\n<meta property=\"article:modified_time\" content=\"2019-10-28T14:43:35+00:00\" \/>\n<meta name=\"twitter:card\" content=\"summary_large_image\" \/>\n<meta name=\"twitter:image\" content=\"https:\/\/tensilen.mk\/wp-content\/uploads\/2013\/12\/Tensilen-resava-stres-napetost-neraspolozenje.jpg\" \/>\n<meta name=\"twitter:label1\" content=\"Tiempo de lectura\" \/>\n\t<meta name=\"twitter:data1\" content=\"1 minuto\" \/>\n<script type=\"application\/ld+json\" class=\"yoast-schema-graph\">{\"@context\":\"https:\/\/schema.org\",\"@graph\":[{\"@type\":\"WebPage\",\"@id\":\"https:\/\/tensilen.mk\/es\/contacto\/\",\"url\":\"https:\/\/tensilen.mk\/es\/contacto\/\",\"name\":\"Contacto - Tensilen\",\"isPartOf\":{\"@id\":\"https:\/\/tensilen.mk\/ar\/#website\"},\"datePublished\":\"2015-01-19T14:18:03+00:00\",\"dateModified\":\"2019-10-28T14:43:35+00:00\",\"breadcrumb\":{\"@id\":\"https:\/\/tensilen.mk\/es\/contacto\/#breadcrumb\"},\"inLanguage\":\"es\",\"potentialAction\":[{\"@type\":\"ReadAction\",\"target\":[\"https:\/\/tensilen.mk\/es\/contacto\/\"]}]},{\"@type\":\"BreadcrumbList\",\"@id\":\"https:\/\/tensilen.mk\/es\/contacto\/#breadcrumb\",\"itemListElement\":[{\"@type\":\"ListItem\",\"position\":1,\"name\":\"\u041f\u043e\u0447\u0435\u0442\u043d\u0430\",\"item\":\"https:\/\/tensilen.mk\/es\/\"},{\"@type\":\"ListItem\",\"position\":2,\"name\":\"Contacto\"}]},{\"@type\":\"WebSite\",\"@id\":\"https:\/\/tensilen.mk\/ar\/#website\",\"url\":\"https:\/\/tensilen.mk\/ar\/\",\"name\":\"Tensilen\",\"description\":\"\",\"potentialAction\":[{\"@type\":\"SearchAction\",\"target\":{\"@type\":\"EntryPoint\",\"urlTemplate\":\"https:\/\/tensilen.mk\/ar\/?s={search_term_string}\"},\"query-input\":\"required name=search_term_string\"}],\"inLanguage\":\"es\"}]}<\/script>\n<!-- \/ Yoast SEO plugin. -->","yoast_head_json":{"title":"Contacto - Tensilen","robots":{"index":"index","follow":"follow","max-snippet":"max-snippet:-1","max-image-preview":"max-image-preview:large","max-video-preview":"max-video-preview:-1"},"canonical":"https:\/\/tensilen.mk\/es\/contacto\/","og_locale":"es_ES","og_type":"article","og_title":"Contacto - Tensilen","og_description":"[vc_row][vc_column width=&#8221;1\/2&#8243;][ct_heading text=&#8221;\u00a1El equipo Tensilen est\u00e1 siempre con usted!&#8221; text_below=&#8221;Contacto&#8221; tag=&#8221;h2&#8243; font_size=&#8221;37&#8243; font_size_md=&#8221;32&#8243; font_weight=&#8221;&#8221; subtitle=&#8221;INFORMACI\u00d3N DE CONTACTO&#8221;][vc_column_text]Cuando necesite una respuesta para solucionar alg\u00fan problema, si\u00e9ntase libre de contactarnos. Los profesionales del equipo Tensilen est\u00e1n siempre dispuestos a otorgarle el apoyo que usted merece y a responderle todas sus preguntas. Si\u00e9ntase libre \u2013 nuestro equipo est\u00e1 [&hellip;]","og_url":"https:\/\/tensilen.mk\/es\/contacto\/","og_site_name":"Tensilen","article_modified_time":"2019-10-28T14:43:35+00:00","twitter_card":"summary_large_image","twitter_image":"https:\/\/tensilen.mk\/wp-content\/uploads\/2013\/12\/Tensilen-resava-stres-napetost-neraspolozenje.jpg","twitter_misc":{"Tiempo de lectura":"1 minuto"},"schema":{"@context":"https:\/\/schema.org","@graph":[{"@type":"WebPage","@id":"https:\/\/tensilen.mk\/es\/contacto\/","url":"https:\/\/tensilen.mk\/es\/contacto\/","name":"Contacto - Tensilen","isPartOf":{"@id":"https:\/\/tensilen.mk\/ar\/#website"},"datePublished":"2015-01-19T14:18:03+00:00","dateModified":"2019-10-28T14:43:35+00:00","breadcrumb":{"@id":"https:\/\/tensilen.mk\/es\/contacto\/#breadcrumb"},"inLanguage":"es","potentialAction":[{"@type":"ReadAction","target":["https:\/\/tensilen.mk\/es\/contacto\/"]}]},{"@type":"BreadcrumbList","@id":"https:\/\/tensilen.mk\/es\/contacto\/#breadcrumb","itemListElement":[{"@type":"ListItem","position":1,"name":"\u041f\u043e\u0447\u0435\u0442\u043d\u0430","item":"https:\/\/tensilen.mk\/es\/"},{"@type":"ListItem","position":2,"name":"Contacto"}]},{"@type":"WebSite","@id":"https:\/\/tensilen.mk\/ar\/#website","url":"https:\/\/tensilen.mk\/ar\/","name":"Tensilen","description":"","potentialAction":[{"@type":"SearchAction","target":{"@type":"EntryPoint","urlTemplate":"https:\/\/tensilen.mk\/ar\/?s={search_term_string}"},"query-input":"required name=search_term_string"}],"inLanguage":"es"}]}},"_links":{"self":[{"href":"https:\/\/tensilen.mk\/es\/wp-json\/wp\/v2\/pages\/763"}],"collection":[{"href":"https:\/\/tensilen.mk\/es\/wp-json\/wp\/v2\/pages"}],"about":[{"href":"https:\/\/tensilen.mk\/es\/wp-json\/wp\/v2\/types\/page"}],"author":[{"embeddable":true,"href":"https:\/\/tensilen.mk\/es\/wp-json\/wp\/v2\/users\/15"}],"replies":[{"embeddable":true,"href":"https:\/\/tensilen.mk\/es\/wp-json\/wp\/v2\/comments?post=763"}],"version-history":[{"count":2,"href":"https:\/\/tensilen.mk\/es\/wp-json\/wp\/v2\/pages\/763\/revisions"}],"predecessor-version":[{"id":3577,"href":"https:\/\/tensilen.mk\/es\/wp-json\/wp\/v2\/pages\/763\/revisions\/3577"}],"wp:attachment":[{"href":"https:\/\/tensilen.mk\/es\/wp-json\/wp\/v2\/media?parent=763"}],"curies":[{"name":"wp","href":"https:\/\/api.w.org\/{rel}","templated":true}]}}